{"id":95548,"date":"2025-12-02T12:42:01","date_gmt":"2025-12-02T12:42:01","guid":{"rendered":"https:\/\/www.limos4.com\/presse-et-medias"},"modified":"2026-04-07T15:53:16","modified_gmt":"2026-04-07T13:53:16","slug":"presse-et-medias","status":"publish","type":"page","link":"https:\/\/www.limos4.com\/fr\/presse-et-medias","title":{"rendered":"Presse et m\u00e9dias"},"content":{"rendered":"\t\t<div data-elementor-type=\"wp-page\" data-elementor-id=\"95548\" class=\"elementor elementor-95548 elementor-95438\" data-elementor-post-type=\"page\">\n\t\t\t\t<div class=\"elementor-element elementor-element-2aff7a6 e-flex e-con-boxed e-con e-parent\" data-id=\"2aff7a6\" data-element_type=\"container\" data-e-type=\"container\" data-settings=\"{&quot;background_background&quot;:&quot;classic&quot;}\">\n\t\t\t\t\t<div class=\"e-con-inner\">\n\t\t\t\t<div class=\"elementor-element elementor-element-3fc3498 elementor-widget elementor-widget-heading\" data-id=\"3fc3498\" data-element_type=\"widget\" data-e-type=\"widget\" data-widget_type=\"heading.default\">\n\t\t\t\t<div class=\"elementor-widget-container\">\n\t\t\t\t\t<h1 class=\"elementor-heading-title elementor-size-default\">Communiqu\u00e9s de presse<\/h1>\t\t\t\t<\/div>\n\t\t\t\t<\/div>\n\t\t\t\t\t<\/div>\n\t\t\t\t<\/div>\n\t\t<div class=\"elementor-element elementor-element-59fa3a7 e-flex e-con-boxed e-con e-parent\" data-id=\"59fa3a7\" data-element_type=\"container\" data-e-type=\"container\">\n\t\t\t\t\t<div class=\"e-con-inner\">\n\t\t<div class=\"elementor-element elementor-element-bafce38 e-con-full e-flex e-con e-child\" data-id=\"bafce38\" data-element_type=\"container\" data-e-type=\"container\">\n\t\t<div class=\"elementor-element elementor-element-db39ef3 e-con-full e-flex e-con e-child\" data-id=\"db39ef3\" data-element_type=\"container\" data-e-type=\"container\">\n\t\t<div class=\"elementor-element elementor-element-8b691d1 e-con-full e-flex e-con e-child\" data-id=\"8b691d1\" data-element_type=\"container\" data-e-type=\"container\">\n\t\t\t\t<div class=\"elementor-element elementor-element-6f226e7 elementor-widget elementor-widget-image\" data-id=\"6f226e7\" data-element_type=\"widget\" data-e-type=\"widget\" data-widget_type=\"image.default\">\n\t\t\t\t<div class=\"elementor-widget-container\">\n\t\t\t\t\t\t\t\t\t\t\t\t\t\t\t<img decoding=\"async\" width=\"146\" height=\"111\" src=\"https:\/\/www.limos4.com\/wp-content\/uploads\/2026\/02\/united_limousines.png\" class=\"attachment-large size-large wp-image-96127\" alt=\"\" \/>\t\t\t\t\t\t\t\t\t\t\t\t\t\t\t<\/div>\n\t\t\t\t<\/div>\n\t\t\t\t<\/div>\n\t\t<div class=\"elementor-element elementor-element-178b4be e-con-full e-flex e-con e-child\" data-id=\"178b4be\" data-element_type=\"container\" data-e-type=\"container\">\n\t\t\t\t<div class=\"elementor-element elementor-element-289c955 elementor-widget elementor-widget-text-editor\" data-id=\"289c955\" data-element_type=\"widget\" data-e-type=\"widget\" data-widget_type=\"text-editor.default\">\n\t\t\t\t<div class=\"elementor-widget-container\">\n\t\t\t\t\t\t\t\t\t<p>6 d\u00e9cembre 2025<\/p>\t\t\t\t\t\t\t\t<\/div>\n\t\t\t\t<\/div>\n\t\t\t\t<div class=\"elementor-element elementor-element-b31adbe elementor-widget elementor-widget-text-editor\" data-id=\"b31adbe\" data-element_type=\"widget\" data-e-type=\"widget\" data-widget_type=\"text-editor.default\">\n\t\t\t\t<div class=\"elementor-widget-container\">\n\t\t\t\t\t\t\t\t\t<p data-pm-slice=\"0 0 []\"><a href=\"https:\/\/www.limos4.com\/fr?page_id=96104\">Lancement de Limos4 Germany : Garantir une mobilit\u00e9 haut de gamme aux anciens clients de United Limousines AG<\/a><\/p>\t\t\t\t\t\t\t\t<\/div>\n\t\t\t\t<\/div>\n\t\t\t\t<\/div>\n\t\t\t\t<\/div>\n\t\t<div class=\"elementor-element elementor-element-0308e65 e-con-full e-flex e-con e-child\" data-id=\"0308e65\" data-element_type=\"container\" data-e-type=\"container\">\n\t\t<div class=\"elementor-element elementor-element-b65ac45 e-con-full e-flex e-con e-child\" data-id=\"b65ac45\" data-element_type=\"container\" data-e-type=\"container\">\n\t\t\t\t<div class=\"elementor-element elementor-element-4c4c293 elementor-widget elementor-widget-image\" data-id=\"4c4c293\" data-element_type=\"widget\" data-e-type=\"widget\" data-widget_type=\"image.default\">\n\t\t\t\t<div class=\"elementor-widget-container\">\n\t\t\t\t\t\t\t\t\t\t\t\t\t\t\t<img decoding=\"async\" width=\"145\" height=\"110\" src=\"https:\/\/www.limos4.com\/wp-content\/uploads\/2025\/12\/Limos4-The-climate-pledge.jpg\" class=\"attachment-large size-large wp-image-95534\" alt=\"The climate pledge\" \/>\t\t\t\t\t\t\t\t\t\t\t\t\t\t\t<\/div>\n\t\t\t\t<\/div>\n\t\t\t\t<\/div>\n\t\t<div class=\"elementor-element elementor-element-132f6f0 e-con-full e-flex e-con e-child\" data-id=\"132f6f0\" data-element_type=\"container\" data-e-type=\"container\">\n\t\t\t\t<div class=\"elementor-element elementor-element-67a1f83 elementor-widget elementor-widget-text-editor\" data-id=\"67a1f83\" data-element_type=\"widget\" data-e-type=\"widget\" data-widget_type=\"text-editor.default\">\n\t\t\t\t<div class=\"elementor-widget-container\">\n\t\t\t\t\t\t\t\t\t<p>November 19, 2024<\/p>\t\t\t\t\t\t\t\t<\/div>\n\t\t\t\t<\/div>\n\t\t\t\t<div class=\"elementor-element elementor-element-eb775ea elementor-widget elementor-widget-text-editor\" data-id=\"eb775ea\" data-element_type=\"widget\" data-e-type=\"widget\" data-widget_type=\"text-editor.default\">\n\t\t\t\t<div class=\"elementor-widget-container\">\n\t\t\t\t\t\t\t\t\t<p><a href=\"https:\/\/www.limos4.com\/fr\/presse-et-medias\/limos4-signe-lengagement-climatique\" data-wplink-edit=\"true\">Limos4 signe l&#8217;engagement climatique<\/a><\/p>\t\t\t\t\t\t\t\t<\/div>\n\t\t\t\t<\/div>\n\t\t\t\t<\/div>\n\t\t\t\t<\/div>\n\t\t<div class=\"elementor-element elementor-element-8c81a67 e-con-full e-flex e-con e-child\" data-id=\"8c81a67\" data-element_type=\"container\" data-e-type=\"container\">\n\t\t<div class=\"elementor-element elementor-element-00f8211 e-con-full e-flex e-con e-child\" data-id=\"00f8211\" data-element_type=\"container\" data-e-type=\"container\">\n\t\t\t\t<div class=\"elementor-element elementor-element-da35b6a elementor-widget elementor-widget-image\" data-id=\"da35b6a\" data-element_type=\"widget\" data-e-type=\"widget\" data-widget_type=\"image.default\">\n\t\t\t\t<div class=\"elementor-widget-container\">\n\t\t\t\t\t\t\t\t\t\t\t\t\t\t\t<img decoding=\"async\" width=\"145\" height=\"110\" src=\"https:\/\/www.limos4.com\/wp-content\/uploads\/2025\/12\/Limos4-United-L._11.jpg\" class=\"attachment-large size-large wp-image-95535\" alt=\"Limos4 &amp; United\" \/>\t\t\t\t\t\t\t\t\t\t\t\t\t\t\t<\/div>\n\t\t\t\t<\/div>\n\t\t\t\t<\/div>\n\t\t<div class=\"elementor-element elementor-element-d8409c0 e-con-full e-flex e-con e-child\" data-id=\"d8409c0\" data-element_type=\"container\" data-e-type=\"container\">\n\t\t\t\t<div class=\"elementor-element elementor-element-e3e0f73 elementor-widget elementor-widget-text-editor\" data-id=\"e3e0f73\" data-element_type=\"widget\" data-e-type=\"widget\" data-widget_type=\"text-editor.default\">\n\t\t\t\t<div class=\"elementor-widget-container\">\n\t\t\t\t\t\t\t\t\t<p>17 novembre 2024<\/p>\t\t\t\t\t\t\t\t<\/div>\n\t\t\t\t<\/div>\n\t\t\t\t<div class=\"elementor-element elementor-element-040853c elementor-widget elementor-widget-text-editor\" data-id=\"040853c\" data-element_type=\"widget\" data-e-type=\"widget\" data-widget_type=\"text-editor.default\">\n\t\t\t\t<div class=\"elementor-widget-container\">\n\t\t\t\t\t\t\t\t\t<a href=\"\/press\/strategic-partnership\">Limos4 annonce un partenariat strat\u00e9gique avec United Limousines en Allemagne<\/a>\t\t\t\t\t\t\t\t<\/div>\n\t\t\t\t<\/div>\n\t\t\t\t<\/div>\n\t\t\t\t<\/div>\n\t\t<div class=\"elementor-element elementor-element-e4c75f4 e-con-full e-flex e-con e-child\" data-id=\"e4c75f4\" data-element_type=\"container\" data-e-type=\"container\">\n\t\t<div class=\"elementor-element elementor-element-974e1e6 e-con-full e-flex e-con e-child\" data-id=\"974e1e6\" data-element_type=\"container\" data-e-type=\"container\">\n\t\t\t\t<div class=\"elementor-element elementor-element-fc09771 elementor-widget elementor-widget-image\" data-id=\"fc09771\" data-element_type=\"widget\" data-e-type=\"widget\" data-widget_type=\"image.default\">\n\t\t\t\t<div class=\"elementor-widget-container\">\n\t\t\t\t\t\t\t\t\t\t\t\t\t\t\t<img loading=\"lazy\" decoding=\"async\" width=\"145\" height=\"110\" src=\"https:\/\/www.limos4.com\/wp-content\/uploads\/2025\/12\/Limos4-Announces.jpg\" class=\"attachment-large size-large wp-image-95536\" alt=\"Limos4\" \/>\t\t\t\t\t\t\t\t\t\t\t\t\t\t\t<\/div>\n\t\t\t\t<\/div>\n\t\t\t\t<\/div>\n\t\t<div class=\"elementor-element elementor-element-d727e77 e-con-full e-flex e-con e-child\" data-id=\"d727e77\" data-element_type=\"container\" data-e-type=\"container\">\n\t\t\t\t<div class=\"elementor-element elementor-element-57101dd elementor-widget elementor-widget-text-editor\" data-id=\"57101dd\" data-element_type=\"widget\" data-e-type=\"widget\" data-widget_type=\"text-editor.default\">\n\t\t\t\t<div class=\"elementor-widget-container\">\n\t\t\t\t\t\t\t\t\t<p>20 ao\u00fbt 2021<\/p>\t\t\t\t\t\t\t\t<\/div>\n\t\t\t\t<\/div>\n\t\t\t\t<div class=\"elementor-element elementor-element-c3a95a4 elementor-widget elementor-widget-text-editor\" data-id=\"c3a95a4\" data-element_type=\"widget\" data-e-type=\"widget\" data-widget_type=\"text-editor.default\">\n\t\t\t\t<div class=\"elementor-widget-container\">\n\t\t\t\t\t\t\t\t\t<a href=\"https:\/\/www.limos4.com\/fr\/presse-et-medias\/limos4-annonce-une-nouvelle-identite-de-marque\">Limos4 annonce une nouvelle identit\u00e9 de marque<\/a>\t\t\t\t\t\t\t\t<\/div>\n\t\t\t\t<\/div>\n\t\t\t\t<\/div>\n\t\t\t\t<\/div>\n\t\t\t\t<\/div>\n\t\t<div class=\"elementor-element elementor-element-9cca606 e-con-full e-flex e-con e-child\" data-id=\"9cca606\" data-element_type=\"container\" data-e-type=\"container\">\n\t\t\t\t<div class=\"elementor-element elementor-element-5b9f6a5 elementor-widget elementor-widget-image\" data-id=\"5b9f6a5\" data-element_type=\"widget\" data-e-type=\"widget\" data-widget_type=\"image.default\">\n\t\t\t\t<div class=\"elementor-widget-container\">\n\t\t\t\t\t\t\t\t\t\t\t\t\t\t\t<img loading=\"lazy\" decoding=\"async\" width=\"180\" height=\"180\" src=\"https:\/\/www.limos4.com\/wp-content\/uploads\/2025\/12\/head-of-marketing.png\" class=\"attachment-large size-large wp-image-95537\" alt=\"Directeur du marketing\" srcset=\"\/\/www.limos4.com\/wp-content\/uploads\/2025\/12\/head-of-marketing.png 180w, \/\/www.limos4.com\/wp-content\/uploads\/2025\/12\/head-of-marketing-150x150.png 150w\" sizes=\"(max-width: 180px) 100vw, 180px\" \/>\t\t\t\t\t\t\t\t\t\t\t\t\t\t\t<\/div>\n\t\t\t\t<\/div>\n\t\t\t\t<div class=\"elementor-element elementor-element-b8981d3 elementor-widget elementor-widget-text-editor\" data-id=\"b8981d3\" data-element_type=\"widget\" data-e-type=\"widget\" data-widget_type=\"text-editor.default\">\n\t\t\t\t<div class=\"elementor-widget-container\">\n\t\t\t\t\t\t\t\t\t<p>Aleksandra Tasic<\/p>\t\t\t\t\t\t\t\t<\/div>\n\t\t\t\t<\/div>\n\t\t\t\t<div class=\"elementor-element elementor-element-3d911d5 elementor-widget elementor-widget-text-editor\" data-id=\"3d911d5\" data-element_type=\"widget\" data-e-type=\"widget\" data-widget_type=\"text-editor.default\">\n\t\t\t\t<div class=\"elementor-widget-container\">\n\t\t\t\t\t\t\t\t\t<p>Directeur du marketing<\/p>\t\t\t\t\t\t\t\t<\/div>\n\t\t\t\t<\/div>\n\t\t\t\t<div class=\"elementor-element elementor-element-130fcf2 elementor-widget elementor-widget-text-editor\" data-id=\"130fcf2\" data-element_type=\"widget\" data-e-type=\"widget\" data-widget_type=\"text-editor.default\">\n\t\t\t\t<div class=\"elementor-widget-container\">\n\t\t\t\t\t\t\t\t\t<p>media@limos4.com<\/p>\t\t\t\t\t\t\t\t<\/div>\n\t\t\t\t<\/div>\n\t\t\t\t<\/div>\n\t\t\t\t\t<\/div>\n\t\t\t\t<\/div>\n\t\t\t\t<\/div>\n\t\t","protected":false},"excerpt":{"rendered":"<p>Communiqu\u00e9s de presse 6 d\u00e9cembre 2025 Lancement de Limos4 Germany : Garantir une mobilit\u00e9 haut de gamme aux anciens clients de United Limousines AG November 19, 2024 Limos4 signe l&#8217;engagement climatique 17 novembre 2024 Limos4 [&hellip;]<\/p>\n","protected":false},"author":597,"featured_media":0,"parent":0,"menu_order":0,"comment_status":"closed","ping_status":"closed","template":"","meta":{"inline_featured_image":false,"site-sidebar-layout":"no-sidebar","site-content-layout":"page-builder","ast-site-content-layout":"full-width-container","site-content-style":"default","site-sidebar-style":"default","ast-global-header-display":"","ast-banner-title-visibility":"","ast-main-header-display":"","ast-hfb-above-header-display":"","ast-hfb-below-header-display":"","ast-hfb-mobile-header-display":"","site-post-title":"disabled","ast-breadcrumbs-content":"","ast-featured-img":"disabled","footer-sml-layout":"","ast-disable-related-posts":"","theme-transparent-header-meta":"default","adv-header-id-meta":"","stick-header-meta":"","header-above-stick-meta":"","header-main-stick-meta":"","header-below-stick-meta":"","astra-migrate-meta-layouts":"default","ast-page-background-enabled":"default","ast-page-background-meta":{"desktop":{"background-color":"","background-image":"","background-repeat":"repeat","background-position":"center center","background-size":"auto","background-attachment":"scroll","background-type":"","background-media":"","overlay-type":"","overlay-color":"","overlay-opacity":"","overlay-gradient":""},"tablet":{"background-color":"","background-image":"","background-repeat":"repeat","background-position":"center center","background-size":"auto","background-attachment":"scroll","background-type":"","background-media":"","overlay-type":"","overlay-color":"","overlay-opacity":"","overlay-gradient":""},"mobile":{"background-color":"","background-image":"","background-repeat":"repeat","background-position":"center center","background-size":"auto","background-attachment":"scroll","background-type":"","background-media":"","overlay-type":"","overlay-color":"","overlay-opacity":"","overlay-gradient":""}},"ast-content-background-meta":{"desktop":{"background-color":"var(--ast-global-color-5)","background-image":"","background-repeat":"repeat","background-position":"center center","background-size":"auto","background-attachment":"scroll","background-type":"","background-media":"","overlay-type":"","overlay-color":"","overlay-opacity":"","overlay-gradient":""},"tablet":{"background-color":"var(--ast-global-color-5)","background-image":"","background-repeat":"repeat","background-position":"center center","background-size":"auto","background-attachment":"scroll","background-type":"","background-media":"","overlay-type":"","overlay-color":"","overlay-opacity":"","overlay-gradient":""},"mobile":{"background-color":"var(--ast-global-color-5)","background-image":"","background-repeat":"repeat","background-position":"center center","background-size":"auto","background-attachment":"scroll","background-type":"","background-media":"","overlay-type":"","overlay-color":"","overlay-opacity":"","overlay-gradient":""}},"footnotes":""},"wf_page_folders":[10],"class_list":["post-95548","page","type-page","status-publish","hentry"],"yoast_head":"<!-- This site is optimized with the Yoast SEO Premium plugin v27.4 (Yoast SEO v27.4) - https:\/\/yoast.com\/product\/yoast-seo-premium-wordpress\/ -->\n<title>Presse et m\u00e9dias - Limos4<\/title>\n<meta name=\"description\" content=\"Explore the Limos4 Press section: your source for official company updates, announcements, and media resources.\" \/>\n<meta name=\"robots\" content=\"index, follow, max-snippet:-1, max-image-preview:large, max-video-preview:-1\" \/>\n<link rel=\"canonical\" href=\"https:\/\/www.limos4.com\/fr\/presse-et-medias\" \/>\n<meta property=\"og:locale\" content=\"fr_FR\" \/>\n<meta property=\"og:type\" content=\"article\" \/>\n<meta property=\"og:title\" content=\"Presse et m\u00e9dias\" \/>\n<meta property=\"og:description\" content=\"Explore the Limos4 Press section: your source for official company updates, announcements, and media resources.\" \/>\n<meta property=\"og:url\" content=\"https:\/\/www.limos4.com\/fr\/presse-et-medias\" \/>\n<meta property=\"og:site_name\" content=\"Limos4\" \/>\n<meta property=\"article:publisher\" content=\"https:\/\/www.facebook.com\/limos4\/\" \/>\n<meta property=\"article:modified_time\" content=\"2026-04-07T13:53:16+00:00\" \/>\n<meta property=\"og:image\" content=\"https:\/\/www.limos4.com\/wp-content\/uploads\/2026\/02\/united_limousines.png\" \/>\n\t<meta property=\"og:image:width\" content=\"146\" \/>\n\t<meta property=\"og:image:height\" content=\"111\" \/>\n\t<meta property=\"og:image:type\" content=\"image\/png\" \/>\n<meta name=\"twitter:card\" content=\"summary_large_image\" \/>\n<meta name=\"twitter:site\" content=\"@limos4net\" \/>\n<script type=\"application\/ld+json\" class=\"yoast-schema-graph\">{\"@context\":\"https:\\\/\\\/schema.org\",\"@graph\":[{\"@type\":\"WebPage\",\"@id\":\"https:\\\/\\\/www.limos4.com\\\/fr\\\/presse-et-medias\",\"url\":\"https:\\\/\\\/www.limos4.com\\\/fr\\\/presse-et-medias\",\"name\":\"Presse et m\u00e9dias - Limos4\",\"isPartOf\":{\"@id\":\"https:\\\/\\\/www.limos4.com\\\/fr#website\"},\"primaryImageOfPage\":{\"@id\":\"https:\\\/\\\/www.limos4.com\\\/fr\\\/presse-et-medias#primaryimage\"},\"image\":{\"@id\":\"https:\\\/\\\/www.limos4.com\\\/fr\\\/presse-et-medias#primaryimage\"},\"thumbnailUrl\":\"https:\\\/\\\/www.limos4.com\\\/wp-content\\\/uploads\\\/2026\\\/02\\\/united_limousines.png\",\"datePublished\":\"2025-12-02T12:42:01+00:00\",\"dateModified\":\"2026-04-07T13:53:16+00:00\",\"description\":\"Explore the Limos4 Press section: your source for official company updates, announcements, and media resources.\",\"breadcrumb\":{\"@id\":\"https:\\\/\\\/www.limos4.com\\\/fr\\\/presse-et-medias#breadcrumb\"},\"inLanguage\":\"fr-FR\",\"potentialAction\":[{\"@type\":\"ReadAction\",\"target\":[\"https:\\\/\\\/www.limos4.com\\\/fr\\\/presse-et-medias\"]}]},{\"@type\":\"ImageObject\",\"inLanguage\":\"fr-FR\",\"@id\":\"https:\\\/\\\/www.limos4.com\\\/fr\\\/presse-et-medias#primaryimage\",\"url\":\"https:\\\/\\\/www.limos4.com\\\/wp-content\\\/uploads\\\/2026\\\/02\\\/united_limousines.png\",\"contentUrl\":\"https:\\\/\\\/www.limos4.com\\\/wp-content\\\/uploads\\\/2026\\\/02\\\/united_limousines.png\"},{\"@type\":\"BreadcrumbList\",\"@id\":\"https:\\\/\\\/www.limos4.com\\\/fr\\\/presse-et-medias#breadcrumb\",\"itemListElement\":[{\"@type\":\"ListItem\",\"position\":1,\"name\":\"Home\",\"item\":\"https:\\\/\\\/www.limos4.com\\\/fr\\\/page-daccueil\"},{\"@type\":\"ListItem\",\"position\":2,\"name\":\"Presse et m\u00e9dias\"}]},{\"@type\":\"WebSite\",\"@id\":\"https:\\\/\\\/www.limos4.com\\\/fr#website\",\"url\":\"https:\\\/\\\/www.limos4.com\\\/fr\",\"name\":\"Limos4\",\"description\":\"Worldwide Chauffeured Service\",\"publisher\":{\"@id\":\"https:\\\/\\\/www.limos4.com\\\/fr#organization\"},\"potentialAction\":[{\"@type\":\"SearchAction\",\"target\":{\"@type\":\"EntryPoint\",\"urlTemplate\":\"https:\\\/\\\/www.limos4.com\\\/fr?s={search_term_string}\"},\"query-input\":{\"@type\":\"PropertyValueSpecification\",\"valueRequired\":true,\"valueName\":\"search_term_string\"}}],\"inLanguage\":\"fr-FR\"},{\"@type\":\"Organization\",\"@id\":\"https:\\\/\\\/www.limos4.com\\\/fr#organization\",\"name\":\"Limos4 GmbH\",\"url\":\"https:\\\/\\\/www.limos4.com\\\/fr\",\"logo\":{\"@type\":\"ImageObject\",\"inLanguage\":\"fr-FR\",\"@id\":\"https:\\\/\\\/www.limos4.com\\\/fr#\\\/schema\\\/logo\\\/image\\\/\",\"url\":\"https:\\\/\\\/www.limos4.com\\\/wp-content\\\/uploads\\\/2023\\\/04\\\/l4_logo-e1682058966339.png\",\"contentUrl\":\"https:\\\/\\\/www.limos4.com\\\/wp-content\\\/uploads\\\/2023\\\/04\\\/l4_logo-e1682058966339.png\",\"width\":360,\"height\":361,\"caption\":\"Limos4 GmbH\"},\"image\":{\"@id\":\"https:\\\/\\\/www.limos4.com\\\/fr#\\\/schema\\\/logo\\\/image\\\/\"},\"sameAs\":[\"https:\\\/\\\/www.facebook.com\\\/limos4\\\/\",\"https:\\\/\\\/x.com\\\/limos4net\",\"https:\\\/\\\/www.instagram.com\\\/limos4_net\\\/\",\"https:\\\/\\\/www.linkedin.com\\\/company\\\/limos4\",\"https:\\\/\\\/www.youtube.com\\\/c\\\/Limos4Net\"]}]}<\/script>\n<!-- \/ Yoast SEO Premium plugin. -->","yoast_head_json":{"title":"Presse et m\u00e9dias - Limos4","description":"Explore the Limos4 Press section: your source for official company updates, announcements, and media resources.","robots":{"index":"index","follow":"follow","max-snippet":"max-snippet:-1","max-image-preview":"max-image-preview:large","max-video-preview":"max-video-preview:-1"},"canonical":"https:\/\/www.limos4.com\/fr\/presse-et-medias","og_locale":"fr_FR","og_type":"article","og_title":"Presse et m\u00e9dias","og_description":"Explore the Limos4 Press section: your source for official company updates, announcements, and media resources.","og_url":"https:\/\/www.limos4.com\/fr\/presse-et-medias","og_site_name":"Limos4","article_publisher":"https:\/\/www.facebook.com\/limos4\/","article_modified_time":"2026-04-07T13:53:16+00:00","og_image":[{"width":146,"height":111,"url":"https:\/\/www.limos4.com\/wp-content\/uploads\/2026\/02\/united_limousines.png","type":"image\/png"}],"twitter_card":"summary_large_image","twitter_site":"@limos4net","schema":{"@context":"https:\/\/schema.org","@graph":[{"@type":"WebPage","@id":"https:\/\/www.limos4.com\/fr\/presse-et-medias","url":"https:\/\/www.limos4.com\/fr\/presse-et-medias","name":"Presse et m\u00e9dias - Limos4","isPartOf":{"@id":"https:\/\/www.limos4.com\/fr#website"},"primaryImageOfPage":{"@id":"https:\/\/www.limos4.com\/fr\/presse-et-medias#primaryimage"},"image":{"@id":"https:\/\/www.limos4.com\/fr\/presse-et-medias#primaryimage"},"thumbnailUrl":"https:\/\/www.limos4.com\/wp-content\/uploads\/2026\/02\/united_limousines.png","datePublished":"2025-12-02T12:42:01+00:00","dateModified":"2026-04-07T13:53:16+00:00","description":"Explore the Limos4 Press section: your source for official company updates, announcements, and media resources.","breadcrumb":{"@id":"https:\/\/www.limos4.com\/fr\/presse-et-medias#breadcrumb"},"inLanguage":"fr-FR","potentialAction":[{"@type":"ReadAction","target":["https:\/\/www.limos4.com\/fr\/presse-et-medias"]}]},{"@type":"ImageObject","inLanguage":"fr-FR","@id":"https:\/\/www.limos4.com\/fr\/presse-et-medias#primaryimage","url":"https:\/\/www.limos4.com\/wp-content\/uploads\/2026\/02\/united_limousines.png","contentUrl":"https:\/\/www.limos4.com\/wp-content\/uploads\/2026\/02\/united_limousines.png"},{"@type":"BreadcrumbList","@id":"https:\/\/www.limos4.com\/fr\/presse-et-medias#breadcrumb","itemListElement":[{"@type":"ListItem","position":1,"name":"Home","item":"https:\/\/www.limos4.com\/fr\/page-daccueil"},{"@type":"ListItem","position":2,"name":"Presse et m\u00e9dias"}]},{"@type":"WebSite","@id":"https:\/\/www.limos4.com\/fr#website","url":"https:\/\/www.limos4.com\/fr","name":"Limos4","description":"Worldwide Chauffeured Service","publisher":{"@id":"https:\/\/www.limos4.com\/fr#organization"},"potentialAction":[{"@type":"SearchAction","target":{"@type":"EntryPoint","urlTemplate":"https:\/\/www.limos4.com\/fr?s={search_term_string}"},"query-input":{"@type":"PropertyValueSpecification","valueRequired":true,"valueName":"search_term_string"}}],"inLanguage":"fr-FR"},{"@type":"Organization","@id":"https:\/\/www.limos4.com\/fr#organization","name":"Limos4 GmbH","url":"https:\/\/www.limos4.com\/fr","logo":{"@type":"ImageObject","inLanguage":"fr-FR","@id":"https:\/\/www.limos4.com\/fr#\/schema\/logo\/image\/","url":"https:\/\/www.limos4.com\/wp-content\/uploads\/2023\/04\/l4_logo-e1682058966339.png","contentUrl":"https:\/\/www.limos4.com\/wp-content\/uploads\/2023\/04\/l4_logo-e1682058966339.png","width":360,"height":361,"caption":"Limos4 GmbH"},"image":{"@id":"https:\/\/www.limos4.com\/fr#\/schema\/logo\/image\/"},"sameAs":["https:\/\/www.facebook.com\/limos4\/","https:\/\/x.com\/limos4net","https:\/\/www.instagram.com\/limos4_net\/","https:\/\/www.linkedin.com\/company\/limos4","https:\/\/www.youtube.com\/c\/Limos4Net"]}]}},"_links":{"self":[{"href":"https:\/\/www.limos4.com\/fr\/wp-json\/wp\/v2\/pages\/95548","targetHints":{"allow":["GET"]}}],"collection":[{"href":"https:\/\/www.limos4.com\/fr\/wp-json\/wp\/v2\/pages"}],"about":[{"href":"https:\/\/www.limos4.com\/fr\/wp-json\/wp\/v2\/types\/page"}],"author":[{"embeddable":true,"href":"https:\/\/www.limos4.com\/fr\/wp-json\/wp\/v2\/users\/597"}],"replies":[{"embeddable":true,"href":"https:\/\/www.limos4.com\/fr\/wp-json\/wp\/v2\/comments?post=95548"}],"version-history":[{"count":8,"href":"https:\/\/www.limos4.com\/fr\/wp-json\/wp\/v2\/pages\/95548\/revisions"}],"predecessor-version":[{"id":96631,"href":"https:\/\/www.limos4.com\/fr\/wp-json\/wp\/v2\/pages\/95548\/revisions\/96631"}],"wp:attachment":[{"href":"https:\/\/www.limos4.com\/fr\/wp-json\/wp\/v2\/media?parent=95548"}],"wp:term":[{"taxonomy":"wf_page_folders","embeddable":true,"href":"https:\/\/www.limos4.com\/fr\/wp-json\/wp\/v2\/wf_page_folders?post=95548"}],"curies":[{"name":"wp","href":"https:\/\/api.w.org\/{rel}","templated":true}]}}