{"id":95569,"date":"2025-12-03T09:50:00","date_gmt":"2025-12-03T09:50:00","guid":{"rendered":"https:\/\/www.limos4.com\/presse-medien\/limos4-kuendigt-neues-markenauftrittskonzept-an"},"modified":"2025-12-03T12:07:55","modified_gmt":"2025-12-03T12:07:55","slug":"limos4-kuendigt-neues-markenauftrittskonzept-an","status":"publish","type":"page","link":"https:\/\/www.limos4.com\/de\/presse-medien\/limos4-kuendigt-neues-markenauftrittskonzept-an","title":{"rendered":"Limos4 k\u00fcndigt neues Markenauftrittskonzept an"},"content":{"rendered":"\t\t<div data-elementor-type=\"wp-page\" data-elementor-id=\"95569\" class=\"elementor elementor-95569 elementor-95464\" data-elementor-post-type=\"page\">\n\t\t\t\t<div class=\"elementor-element elementor-element-2aff7a6 e-flex e-con-boxed e-con e-parent\" data-id=\"2aff7a6\" data-element_type=\"container\" data-e-type=\"container\" data-settings=\"{&quot;background_background&quot;:&quot;classic&quot;}\">\n\t\t\t\t\t<div class=\"e-con-inner\">\n\t\t<div class=\"elementor-element elementor-element-970f161 e-con-full e-flex e-con e-child\" data-id=\"970f161\" data-element_type=\"container\" data-e-type=\"container\">\n\t\t\t\t<div class=\"elementor-element elementor-element-e2c6378 elementor-widget elementor-widget-text-editor\" data-id=\"e2c6378\" data-element_type=\"widget\" data-e-type=\"widget\" data-widget_type=\"text-editor.default\">\n\t\t\t\t<div class=\"elementor-widget-container\">\n\t\t\t\t\t\t\t\t\t<p>20. August 2021<\/p>\t\t\t\t\t\t\t\t<\/div>\n\t\t\t\t<\/div>\n\t\t\t\t<div class=\"elementor-element elementor-element-3fc3498 elementor-widget elementor-widget-heading\" data-id=\"3fc3498\" data-element_type=\"widget\" data-e-type=\"widget\" data-widget_type=\"heading.default\">\n\t\t\t\t<div class=\"elementor-widget-container\">\n\t\t\t\t\t<h1 class=\"elementor-heading-title elementor-size-default\">Limos4 k\u00fcndigt neues Markenauftrittskonzept an<\/h1>\t\t\t\t<\/div>\n\t\t\t\t<\/div>\n\t\t\t\t<\/div>\n\t\t\t\t\t<\/div>\n\t\t\t\t<\/div>\n\t\t<div class=\"elementor-element elementor-element-ba5a464 e-flex e-con-boxed e-con e-parent\" data-id=\"ba5a464\" data-element_type=\"container\" data-e-type=\"container\">\n\t\t\t\t\t<div class=\"e-con-inner\">\n\t\t<div class=\"elementor-element elementor-element-31bb3d3 e-con-full e-flex e-con e-child\" data-id=\"31bb3d3\" data-element_type=\"container\" data-e-type=\"container\">\n\t\t\t\t<div class=\"elementor-element elementor-element-19ae6ad elementor-widget elementor-widget-image\" data-id=\"19ae6ad\" data-element_type=\"widget\" data-e-type=\"widget\" data-widget_type=\"image.default\">\n\t\t\t\t<div class=\"elementor-widget-container\">\n\t\t\t\t\t\t\t\t\t\t\t\t\t\t\t<img fetchpriority=\"high\" decoding=\"async\" width=\"1024\" height=\"577\" src=\"https:\/\/www.limos4.com\/wp-content\/uploads\/2025\/12\/logo@3x@2x-1024x577.jpg\" class=\"attachment-large size-large wp-image-95559\" alt=\"Limo4\" srcset=\"\/\/www.limos4.com\/wp-content\/uploads\/2025\/12\/logo@3x@2x-1024x577.jpg 1024w, \/\/www.limos4.com\/wp-content\/uploads\/2025\/12\/logo@3x@2x-300x169.jpg 300w, \/\/www.limos4.com\/wp-content\/uploads\/2025\/12\/logo@3x@2x-768x432.jpg 768w, \/\/www.limos4.com\/wp-content\/uploads\/2025\/12\/logo@3x@2x-1536x865.jpg 1536w, \/\/www.limos4.com\/wp-content\/uploads\/2025\/12\/logo@3x@2x.jpg 1600w\" sizes=\"(max-width: 1024px) 100vw, 1024px\" \/>\t\t\t\t\t\t\t\t\t\t\t\t\t\t\t<\/div>\n\t\t\t\t<\/div>\n\t\t\t\t<div class=\"elementor-element elementor-element-9d7167a elementor-widget elementor-widget-text-editor\" data-id=\"9d7167a\" data-element_type=\"widget\" data-e-type=\"widget\" data-widget_type=\"text-editor.default\">\n\t\t\t\t<div class=\"elementor-widget-container\">\n\t\t\t\t\t\t\t\t\t<strong>Limos4<\/strong>, ein globaler Limousinenservice-Anbieter, hat seine neue Markenidentit\u00e4t, sein Logo, seine Website und seinen Slogan vorgestellt. Das Unternehmen hat eine vollst\u00e4ndige Marken\u00fcberarbeitung durchlaufen, um seine aktuelle Position in der Branche und sein Angebot auf dem Markt widerzuspiegeln.  \n<br><br>Als ein bedeutender Schritt in der Entwicklung des Unternehmens steht das Rebranding f\u00fcr das Wachstum von Limos4 in den letzten zehn Jahren. Das Update bietet eine Plattform, um ein echter Full-Service- und innovativer globaler Chauffeurdienstleister zu werden. Wir definieren, wer wir sind, treiben Ver\u00e4nderungen voran und gestalten die Zukunft der Bodentransportbranche.   \n<br><br>Das neue Logo wurde durch einen langen, kollaborativen Prozess entwickelt. Die neue Form und die erweiterte Breite des Logos verk\u00f6rpern die Unternehmensphilosophie, die stets auf Vertrauen, Glaubw\u00fcrdigkeit und Branchenwissen aufgebaut war. Die drei Punkte, die ebenfalls Teil des Logos sind, repr\u00e4sentieren jede Stadt, die wir derzeit bedienen, und die wir in Zukunft bedienen werden. (Dar\u00fcber hinaus symbolisieren die Punkte die Zeit nach der weltweiten Ausbreitung des Coronavirus und zeigen Limos4 als erfolgreichen Pandemief\u00fcrer, der seine \u201eNew-Normal\u201c-Operationen w\u00e4hrend und nach dem Lockdown regelm\u00e4\u00dfig fortsetzt.)    \n<br><br>Die neue revolution\u00e4re Website bietet ein ansprechendes und unkonventionelles Design, das die Leidenschaft des Unternehmens f\u00fcr einzigartige technologische L\u00f6sungen in der Branche verdeutlicht. Die fortschrittliche Seite bietet mehr technische Details und Einblicke hinter die Kulissen als je zuvor und stellt den Kunden zahlreiche wertvolle Ressourcen zur Verf\u00fcgung.  \n<br><br>Der Slogan \u201eWorldwide chauffeured service\u201c ersetzt \u201ePremium limousine service\u201c, um den Serviceumfang von Limos4 zu erweitern und den Wert eines Chauffeurs statt der Limousine hervorzuheben, w\u00e4hrend in allen Aspekten weiterhin Premiumqualit\u00e4t gew\u00e4hrleistet bleibt. \n<br><br>Zum Rebranding von Limos4 sagte Sasa Krstic, Gesch\u00e4ftsf\u00fchrer: \n<br><br>\u201eDie neue Identit\u00e4t spiegelt das Engagement von Limos4 wider, sich kontinuierlich zu einer einheitlicheren und vision\u00e4reren Organisation zu entwickeln. Unsere Marken\u00adtransformation ist entscheidend, um unser Ziel zu erreichen: unseren Kunden die Verwaltung ihrer Chauffeur-Bodentransportbed\u00fcrfnisse mit gr\u00f6\u00dferer Leichtigkeit und bahnbrechenden technologischen L\u00f6sungen zu erm\u00f6glichen.\u201c\n<br><br>Das Rebranding von Limos4 wurde von internen Marketing-, Design- und weiteren Kreativteams entwickelt. Die Farbpalette blieb unver\u00e4ndert, wobei Wei\u00df oder Schwarz verwendet wird, um eine Seite und die Bed\u00fcrfnisse der Nutzer hervorzuheben. Der in unserem Design angewandte, \u00e4sthetisch ansprechende Goldene Schnitt symbolisiert eine nahtlose und unkomplizierte Reise und betont Harmonie sowie garantierte Qualit\u00e4t an jedem Kontaktpunkt mit Limos4.   \n<br><br>Die Rasterfilter und Effekte hinterlassen einen bleibenden Eindruck und vermitteln das Gef\u00fchl eines unvergesslichen Erlebnisses. Der Rest unserer neuen Markenstory wird in den kommenden Wochen ver\u00f6ffentlicht, weitere Neuigkeiten und Videos folgen.  \n<br><br>Wir bitten unsere Gesch\u00e4ftspartner und Kunden, die derzeit das Limos4-Logo in ihren Marketing- und Buchhaltungsunterlagen verwenden, sich per E-Mail an media@limos4.com zu wenden, um die neuen Logo-Richtlinien zu erhalten.\t\t\t\t\t\t\t\t<\/div>\n\t\t\t\t<\/div>\n\t\t\t\t<div class=\"elementor-element elementor-element-e3217f7 elementor-widget elementor-widget-heading\" data-id=\"e3217f7\" data-element_type=\"widget\" data-e-type=\"widget\" data-widget_type=\"heading.default\">\n\t\t\t\t<div class=\"elementor-widget-container\">\n\t\t\t\t\t<h3 class=\"elementor-heading-title elementor-size-default\">\u00dcber Limos4<\/h3>\t\t\t\t<\/div>\n\t\t\t\t<\/div>\n\t\t\t\t<div class=\"elementor-element elementor-element-8be92e9 elementor-widget elementor-widget-text-editor\" data-id=\"8be92e9\" data-element_type=\"widget\" data-e-type=\"widget\" data-widget_type=\"text-editor.default\">\n\t\t\t\t<div class=\"elementor-widget-container\">\n\t\t\t\t\t\t\t\t\tLimos4 ist ein Branchenf\u00fchrer und bietet Premium-Chauffeurdienste in \u00fcber 200 St\u00e4dten, \u00fcber 60 L\u00e4ndern und an \u00fcber 250 Flugh\u00e4fen an. Unsere Kunden aus allen Lebensbereichen profitieren von der umfassenden Betreuung durch unsere erfahrenen Transportprofis und unser selbstentwickeltes Dispositions- und Buchungssystem \u2013 das modernste seiner Art.  \n<br><br>Limos4 wurde 2010 gegr\u00fcndet und ist seit \u00fcber einem Jahrzehnt reibungslos in Betrieb. Als Submarke der Energius GmbH erm\u00f6glicht Limos4 Reisenden, ihre Fahrten rund um den Globus innerhalb von Minuten zuverl\u00e4ssig zu organisieren, unabh\u00e4ngig davon, welchen Fahrzeugtyp sie mit Chauffeur w\u00fcnschen.\t\t\t\t\t\t\t\t<\/div>\n\t\t\t\t<\/div>\n\t\t\t\t<\/div>\n\t\t<div class=\"elementor-element elementor-element-be3b272 e-con-full e-flex e-con e-child\" data-id=\"be3b272\" data-element_type=\"container\" data-e-type=\"container\">\n\t\t\t\t<div class=\"elementor-element elementor-element-dc70b77 elementor-widget elementor-widget-image\" data-id=\"dc70b77\" data-element_type=\"widget\" data-e-type=\"widget\" data-widget_type=\"image.default\">\n\t\t\t\t<div class=\"elementor-widget-container\">\n\t\t\t\t\t\t\t\t\t\t\t\t\t\t\t<img decoding=\"async\" width=\"180\" height=\"180\" src=\"https:\/\/www.limos4.com\/wp-content\/uploads\/2025\/12\/head-of-marketing.png\" class=\"attachment-large size-large wp-image-95542\" alt=\"Marketingleiterin\" srcset=\"\/\/www.limos4.com\/wp-content\/uploads\/2025\/12\/head-of-marketing.png 180w, \/\/www.limos4.com\/wp-content\/uploads\/2025\/12\/head-of-marketing-150x150.png 150w\" sizes=\"(max-width: 180px) 100vw, 180px\" \/>\t\t\t\t\t\t\t\t\t\t\t\t\t\t\t<\/div>\n\t\t\t\t<\/div>\n\t\t\t\t<div class=\"elementor-element elementor-element-cd3c570 elementor-widget elementor-widget-text-editor\" data-id=\"cd3c570\" data-element_type=\"widget\" data-e-type=\"widget\" data-widget_type=\"text-editor.default\">\n\t\t\t\t<div class=\"elementor-widget-container\">\n\t\t\t\t\t\t\t\t\t<p>Aleksandra Tasic<\/p>\t\t\t\t\t\t\t\t<\/div>\n\t\t\t\t<\/div>\n\t\t\t\t<div class=\"elementor-element elementor-element-ae89e05 elementor-widget elementor-widget-text-editor\" data-id=\"ae89e05\" data-element_type=\"widget\" data-e-type=\"widget\" data-widget_type=\"text-editor.default\">\n\t\t\t\t<div class=\"elementor-widget-container\">\n\t\t\t\t\t\t\t\t\t<p>Marketingleiterin<\/p>\t\t\t\t\t\t\t\t<\/div>\n\t\t\t\t<\/div>\n\t\t\t\t<div class=\"elementor-element elementor-element-cd64d15 elementor-widget elementor-widget-text-editor\" data-id=\"cd64d15\" data-element_type=\"widget\" data-e-type=\"widget\" data-widget_type=\"text-editor.default\">\n\t\t\t\t<div class=\"elementor-widget-container\">\n\t\t\t\t\t\t\t\t\t<p>media@limos4.com<\/p>\t\t\t\t\t\t\t\t<\/div>\n\t\t\t\t<\/div>\n\t\t\t\t<\/div>\n\t\t\t\t\t<\/div>\n\t\t\t\t<\/div>\n\t\t\t\t<\/div>\n\t\t","protected":false},"excerpt":{"rendered":"<p>20. August 2021 Limos4 k\u00fcndigt neues Markenauftrittskonzept an Limos4, ein globaler Limousinenservice-Anbieter, hat seine neue Markenidentit\u00e4t, sein Logo, seine Website und seinen Slogan vorgestellt. Das Unternehmen hat eine vollst\u00e4ndige Marken\u00fcberarbeitung durchlaufen, um seine aktuelle Position [&hellip;]<\/p>\n","protected":false},"author":597,"featured_media":0,"parent":95551,"menu_order":0,"comment_status":"closed","ping_status":"closed","template":"","meta":{"inline_featured_image":false,"site-sidebar-layout":"no-sidebar","site-content-layout":"page-builder","ast-site-content-layout":"full-width-container","site-content-style":"default","site-sidebar-style":"default","ast-global-header-display":"","ast-banner-title-visibility":"","ast-main-header-display":"","ast-hfb-above-header-display":"","ast-hfb-below-header-display":"","ast-hfb-mobile-header-display":"","site-post-title":"disabled","ast-breadcrumbs-content":"","ast-featured-img":"disabled","footer-sml-layout":"","ast-disable-related-posts":"","theme-transparent-header-meta":"default","adv-header-id-meta":"","stick-header-meta":"","header-above-stick-meta":"","header-main-stick-meta":"","header-below-stick-meta":"","astra-migrate-meta-layouts":"default","ast-page-background-enabled":"default","ast-page-background-meta":{"desktop":{"background-color":"","background-image":"","background-repeat":"repeat","background-position":"center center","background-size":"auto","background-attachment":"scroll","background-type":"","background-media":"","overlay-type":"","overlay-color":"","overlay-opacity":"","overlay-gradient":""},"tablet":{"background-color":"","background-image":"","background-repeat":"repeat","background-position":"center center","background-size":"auto","background-attachment":"scroll","background-type":"","background-media":"","overlay-type":"","overlay-color":"","overlay-opacity":"","overlay-gradient":""},"mobile":{"background-color":"","background-image":"","background-repeat":"repeat","background-position":"center center","background-size":"auto","background-attachment":"scroll","background-type":"","background-media":"","overlay-type":"","overlay-color":"","overlay-opacity":"","overlay-gradient":""}},"ast-content-background-meta":{"desktop":{"background-color":"var(--ast-global-color-5)","background-image":"","background-repeat":"repeat","background-position":"center center","background-size":"auto","background-attachment":"scroll","background-type":"","background-media":"","overlay-type":"","overlay-color":"","overlay-opacity":"","overlay-gradient":""},"tablet":{"background-color":"var(--ast-global-color-5)","background-image":"","background-repeat":"repeat","background-position":"center center","background-size":"auto","background-attachment":"scroll","background-type":"","background-media":"","overlay-type":"","overlay-color":"","overlay-opacity":"","overlay-gradient":""},"mobile":{"background-color":"var(--ast-global-color-5)","background-image":"","background-repeat":"repeat","background-position":"center center","background-size":"auto","background-attachment":"scroll","background-type":"","background-media":"","overlay-type":"","overlay-color":"","overlay-opacity":"","overlay-gradient":""}},"footnotes":""},"wf_page_folders":[10],"class_list":["post-95569","page","type-page","status-publish","hentry"],"yoast_head":"<!-- This site is optimized with the Yoast SEO Premium plugin v27.2 (Yoast SEO v27.2) - https:\/\/yoast.com\/product\/yoast-seo-premium-wordpress\/ -->\n<title>Limos4 k\u00fcndigt neues Markenauftrittskonzept an - Limos4<\/title>\n<meta name=\"description\" content=\"Limos4, ein globaler Limousinenserviceanbieter, hat seine neue Markenidentit\u00e4t, sein neues Logo, seine neue Website und seinen neuen Slogan vorgestellt.\" \/>\n<meta name=\"robots\" content=\"index, follow, max-snippet:-1, max-image-preview:large, max-video-preview:-1\" \/>\n<link rel=\"canonical\" href=\"https:\/\/www.limos4.com\/de\/presse-medien\/limos4-kuendigt-neues-markenauftrittskonzept-an\" \/>\n<meta property=\"og:locale\" content=\"de_DE\" \/>\n<meta property=\"og:type\" content=\"article\" \/>\n<meta property=\"og:title\" content=\"Limos4 k\u00fcndigt neues Markenauftrittskonzept an\" \/>\n<meta property=\"og:description\" content=\"Limos4, ein globaler Limousinenserviceanbieter, hat seine neue Markenidentit\u00e4t, sein neues Logo, seine neue Website und seinen neuen Slogan vorgestellt.\" \/>\n<meta property=\"og:url\" content=\"https:\/\/www.limos4.com\/de\/presse-medien\/limos4-kuendigt-neues-markenauftrittskonzept-an\" \/>\n<meta property=\"og:site_name\" content=\"Limos4\" \/>\n<meta property=\"article:publisher\" content=\"https:\/\/www.facebook.com\/limos4\/\" \/>\n<meta property=\"article:modified_time\" content=\"2025-12-03T12:07:55+00:00\" \/>\n<meta property=\"og:image\" content=\"https:\/\/www.limos4.com\/wp-content\/uploads\/2025\/12\/logo@3x@2x.jpg\" \/>\n\t<meta property=\"og:image:width\" content=\"1600\" \/>\n\t<meta property=\"og:image:height\" content=\"901\" \/>\n\t<meta property=\"og:image:type\" content=\"image\/jpeg\" \/>\n<meta name=\"twitter:card\" content=\"summary_large_image\" \/>\n<meta name=\"twitter:site\" content=\"@limos4net\" \/>\n<meta name=\"twitter:label1\" content=\"Gesch\u00e4tzte Lesezeit\" \/>\n\t<meta name=\"twitter:data1\" content=\"3\u00a0Minuten\" \/>\n<script type=\"application\/ld+json\" class=\"yoast-schema-graph\">{\"@context\":\"https:\/\/schema.org\",\"@graph\":[{\"@type\":\"WebPage\",\"@id\":\"https:\/\/www.limos4.com\/de\/presse-medien\/limos4-kuendigt-neues-markenauftrittskonzept-an\",\"url\":\"https:\/\/www.limos4.com\/de\/presse-medien\/limos4-kuendigt-neues-markenauftrittskonzept-an\",\"name\":\"Limos4 k\u00fcndigt neues Markenauftrittskonzept an - Limos4\",\"isPartOf\":{\"@id\":\"https:\/\/www.limos4.com\/de#website\"},\"primaryImageOfPage\":{\"@id\":\"https:\/\/www.limos4.com\/de\/presse-medien\/limos4-kuendigt-neues-markenauftrittskonzept-an#primaryimage\"},\"image\":{\"@id\":\"https:\/\/www.limos4.com\/de\/presse-medien\/limos4-kuendigt-neues-markenauftrittskonzept-an#primaryimage\"},\"thumbnailUrl\":\"https:\/\/www.limos4.com\/wp-content\/uploads\/2025\/12\/logo@3x@2x-1024x577.jpg\",\"datePublished\":\"2025-12-03T09:50:00+00:00\",\"dateModified\":\"2025-12-03T12:07:55+00:00\",\"description\":\"Limos4, ein globaler Limousinenserviceanbieter, hat seine neue Markenidentit\u00e4t, sein neues Logo, seine neue Website und seinen neuen Slogan vorgestellt.\",\"breadcrumb\":{\"@id\":\"https:\/\/www.limos4.com\/de\/presse-medien\/limos4-kuendigt-neues-markenauftrittskonzept-an#breadcrumb\"},\"inLanguage\":\"de\",\"potentialAction\":[{\"@type\":\"ReadAction\",\"target\":[\"https:\/\/www.limos4.com\/de\/presse-medien\/limos4-kuendigt-neues-markenauftrittskonzept-an\"]}]},{\"@type\":\"ImageObject\",\"inLanguage\":\"de\",\"@id\":\"https:\/\/www.limos4.com\/de\/presse-medien\/limos4-kuendigt-neues-markenauftrittskonzept-an#primaryimage\",\"url\":\"https:\/\/www.limos4.com\/wp-content\/uploads\/2025\/12\/logo@3x@2x-1024x577.jpg\",\"contentUrl\":\"https:\/\/www.limos4.com\/wp-content\/uploads\/2025\/12\/logo@3x@2x-1024x577.jpg\"},{\"@type\":\"BreadcrumbList\",\"@id\":\"https:\/\/www.limos4.com\/de\/presse-medien\/limos4-kuendigt-neues-markenauftrittskonzept-an#breadcrumb\",\"itemListElement\":[{\"@type\":\"ListItem\",\"position\":1,\"name\":\"Home\",\"item\":\"https:\/\/www.limos4.com\/de\/startseite\"},{\"@type\":\"ListItem\",\"position\":2,\"name\":\"Presse &amp; Medien\",\"item\":\"https:\/\/www.limos4.com\/de\/presse-medien\"},{\"@type\":\"ListItem\",\"position\":3,\"name\":\"Limos4 k\u00fcndigt neues Markenauftrittskonzept an\"}]},{\"@type\":\"WebSite\",\"@id\":\"https:\/\/www.limos4.com\/de#website\",\"url\":\"https:\/\/www.limos4.com\/de\",\"name\":\"Limos4\",\"description\":\"Worldwide Chauffeured Service\",\"publisher\":{\"@id\":\"https:\/\/www.limos4.com\/de#organization\"},\"potentialAction\":[{\"@type\":\"SearchAction\",\"target\":{\"@type\":\"EntryPoint\",\"urlTemplate\":\"https:\/\/www.limos4.com\/de?s={search_term_string}\"},\"query-input\":{\"@type\":\"PropertyValueSpecification\",\"valueRequired\":true,\"valueName\":\"search_term_string\"}}],\"inLanguage\":\"de\"},{\"@type\":\"Organization\",\"@id\":\"https:\/\/www.limos4.com\/de#organization\",\"name\":\"Limos4 GmbH\",\"url\":\"https:\/\/www.limos4.com\/de\",\"logo\":{\"@type\":\"ImageObject\",\"inLanguage\":\"de\",\"@id\":\"https:\/\/www.limos4.com\/de#\/schema\/logo\/image\/\",\"url\":\"https:\/\/www.limos4.com\/wp-content\/uploads\/2023\/04\/l4_logo-e1682058966339.png\",\"contentUrl\":\"https:\/\/www.limos4.com\/wp-content\/uploads\/2023\/04\/l4_logo-e1682058966339.png\",\"width\":360,\"height\":361,\"caption\":\"Limos4 GmbH\"},\"image\":{\"@id\":\"https:\/\/www.limos4.com\/de#\/schema\/logo\/image\/\"},\"sameAs\":[\"https:\/\/www.facebook.com\/limos4\/\",\"https:\/\/x.com\/limos4net\",\"https:\/\/www.instagram.com\/limos4_net\/\",\"https:\/\/www.linkedin.com\/company\/limos4\",\"https:\/\/www.youtube.com\/c\/Limos4Net\"]}]}<\/script>\n<!-- \/ Yoast SEO Premium plugin. -->","yoast_head_json":{"title":"Limos4 k\u00fcndigt neues Markenauftrittskonzept an - Limos4","description":"Limos4, ein globaler Limousinenserviceanbieter, hat seine neue Markenidentit\u00e4t, sein neues Logo, seine neue Website und seinen neuen Slogan vorgestellt.","robots":{"index":"index","follow":"follow","max-snippet":"max-snippet:-1","max-image-preview":"max-image-preview:large","max-video-preview":"max-video-preview:-1"},"canonical":"https:\/\/www.limos4.com\/de\/presse-medien\/limos4-kuendigt-neues-markenauftrittskonzept-an","og_locale":"de_DE","og_type":"article","og_title":"Limos4 k\u00fcndigt neues Markenauftrittskonzept an","og_description":"Limos4, ein globaler Limousinenserviceanbieter, hat seine neue Markenidentit\u00e4t, sein neues Logo, seine neue Website und seinen neuen Slogan vorgestellt.","og_url":"https:\/\/www.limos4.com\/de\/presse-medien\/limos4-kuendigt-neues-markenauftrittskonzept-an","og_site_name":"Limos4","article_publisher":"https:\/\/www.facebook.com\/limos4\/","article_modified_time":"2025-12-03T12:07:55+00:00","og_image":[{"width":1600,"height":901,"url":"https:\/\/www.limos4.com\/wp-content\/uploads\/2025\/12\/logo@3x@2x.jpg","type":"image\/jpeg"}],"twitter_card":"summary_large_image","twitter_site":"@limos4net","twitter_misc":{"Gesch\u00e4tzte Lesezeit":"3\u00a0Minuten"},"schema":{"@context":"https:\/\/schema.org","@graph":[{"@type":"WebPage","@id":"https:\/\/www.limos4.com\/de\/presse-medien\/limos4-kuendigt-neues-markenauftrittskonzept-an","url":"https:\/\/www.limos4.com\/de\/presse-medien\/limos4-kuendigt-neues-markenauftrittskonzept-an","name":"Limos4 k\u00fcndigt neues Markenauftrittskonzept an - Limos4","isPartOf":{"@id":"https:\/\/www.limos4.com\/de#website"},"primaryImageOfPage":{"@id":"https:\/\/www.limos4.com\/de\/presse-medien\/limos4-kuendigt-neues-markenauftrittskonzept-an#primaryimage"},"image":{"@id":"https:\/\/www.limos4.com\/de\/presse-medien\/limos4-kuendigt-neues-markenauftrittskonzept-an#primaryimage"},"thumbnailUrl":"https:\/\/www.limos4.com\/wp-content\/uploads\/2025\/12\/logo@3x@2x-1024x577.jpg","datePublished":"2025-12-03T09:50:00+00:00","dateModified":"2025-12-03T12:07:55+00:00","description":"Limos4, ein globaler Limousinenserviceanbieter, hat seine neue Markenidentit\u00e4t, sein neues Logo, seine neue Website und seinen neuen Slogan vorgestellt.","breadcrumb":{"@id":"https:\/\/www.limos4.com\/de\/presse-medien\/limos4-kuendigt-neues-markenauftrittskonzept-an#breadcrumb"},"inLanguage":"de","potentialAction":[{"@type":"ReadAction","target":["https:\/\/www.limos4.com\/de\/presse-medien\/limos4-kuendigt-neues-markenauftrittskonzept-an"]}]},{"@type":"ImageObject","inLanguage":"de","@id":"https:\/\/www.limos4.com\/de\/presse-medien\/limos4-kuendigt-neues-markenauftrittskonzept-an#primaryimage","url":"https:\/\/www.limos4.com\/wp-content\/uploads\/2025\/12\/logo@3x@2x-1024x577.jpg","contentUrl":"https:\/\/www.limos4.com\/wp-content\/uploads\/2025\/12\/logo@3x@2x-1024x577.jpg"},{"@type":"BreadcrumbList","@id":"https:\/\/www.limos4.com\/de\/presse-medien\/limos4-kuendigt-neues-markenauftrittskonzept-an#breadcrumb","itemListElement":[{"@type":"ListItem","position":1,"name":"Home","item":"https:\/\/www.limos4.com\/de\/startseite"},{"@type":"ListItem","position":2,"name":"Presse &amp; Medien","item":"https:\/\/www.limos4.com\/de\/presse-medien"},{"@type":"ListItem","position":3,"name":"Limos4 k\u00fcndigt neues Markenauftrittskonzept an"}]},{"@type":"WebSite","@id":"https:\/\/www.limos4.com\/de#website","url":"https:\/\/www.limos4.com\/de","name":"Limos4","description":"Worldwide Chauffeured Service","publisher":{"@id":"https:\/\/www.limos4.com\/de#organization"},"potentialAction":[{"@type":"SearchAction","target":{"@type":"EntryPoint","urlTemplate":"https:\/\/www.limos4.com\/de?s={search_term_string}"},"query-input":{"@type":"PropertyValueSpecification","valueRequired":true,"valueName":"search_term_string"}}],"inLanguage":"de"},{"@type":"Organization","@id":"https:\/\/www.limos4.com\/de#organization","name":"Limos4 GmbH","url":"https:\/\/www.limos4.com\/de","logo":{"@type":"ImageObject","inLanguage":"de","@id":"https:\/\/www.limos4.com\/de#\/schema\/logo\/image\/","url":"https:\/\/www.limos4.com\/wp-content\/uploads\/2023\/04\/l4_logo-e1682058966339.png","contentUrl":"https:\/\/www.limos4.com\/wp-content\/uploads\/2023\/04\/l4_logo-e1682058966339.png","width":360,"height":361,"caption":"Limos4 GmbH"},"image":{"@id":"https:\/\/www.limos4.com\/de#\/schema\/logo\/image\/"},"sameAs":["https:\/\/www.facebook.com\/limos4\/","https:\/\/x.com\/limos4net","https:\/\/www.instagram.com\/limos4_net\/","https:\/\/www.linkedin.com\/company\/limos4","https:\/\/www.youtube.com\/c\/Limos4Net"]}]}},"_links":{"self":[{"href":"https:\/\/www.limos4.com\/de\/wp-json\/wp\/v2\/pages\/95569","targetHints":{"allow":["GET"]}}],"collection":[{"href":"https:\/\/www.limos4.com\/de\/wp-json\/wp\/v2\/pages"}],"about":[{"href":"https:\/\/www.limos4.com\/de\/wp-json\/wp\/v2\/types\/page"}],"author":[{"embeddable":true,"href":"https:\/\/www.limos4.com\/de\/wp-json\/wp\/v2\/users\/597"}],"replies":[{"embeddable":true,"href":"https:\/\/www.limos4.com\/de\/wp-json\/wp\/v2\/comments?post=95569"}],"version-history":[{"count":2,"href":"https:\/\/www.limos4.com\/de\/wp-json\/wp\/v2\/pages\/95569\/revisions"}],"predecessor-version":[{"id":95571,"href":"https:\/\/www.limos4.com\/de\/wp-json\/wp\/v2\/pages\/95569\/revisions\/95571"}],"up":[{"embeddable":true,"href":"https:\/\/www.limos4.com\/de\/wp-json\/wp\/v2\/pages\/95551"}],"wp:attachment":[{"href":"https:\/\/www.limos4.com\/de\/wp-json\/wp\/v2\/media?parent=95569"}],"wp:term":[{"taxonomy":"wf_page_folders","embeddable":true,"href":"https:\/\/www.limos4.com\/de\/wp-json\/wp\/v2\/wf_page_folders?post=95569"}],"curies":[{"name":"wp","href":"https:\/\/api.w.org\/{rel}","templated":true}]}}