{"id":85960,"date":"2024-03-12T16:44:23","date_gmt":"2024-03-12T16:44:23","guid":{"rendered":"https:\/\/www.limos4.com\/karriere-bei-limos4"},"modified":"2026-03-06T13:15:38","modified_gmt":"2026-03-06T13:15:38","slug":"karriere-bei-limos4","status":"publish","type":"page","link":"https:\/\/www.limos4.com\/de\/karriere-bei-limos4","title":{"rendered":"Karriere bei Limos4"},"content":{"rendered":"\t\t<div data-elementor-type=\"wp-page\" data-elementor-id=\"85960\" class=\"elementor elementor-85960 elementor-85945\" data-elementor-post-type=\"page\">\n\t\t\t\t<div class=\"elementor-element elementor-element-28ae25b e-flex e-con-boxed e-con e-parent\" data-id=\"28ae25b\" data-element_type=\"container\" data-e-type=\"container\">\n\t\t\t\t\t<div class=\"e-con-inner\">\n\t\t\t\t<div class=\"elementor-element elementor-element-72951ad elementor-widget elementor-widget-heading\" data-id=\"72951ad\" data-element_type=\"widget\" data-e-type=\"widget\" data-widget_type=\"heading.default\">\n\t\t\t\t<div class=\"elementor-widget-container\">\n\t\t\t\t\t<h1 class=\"elementor-heading-title elementor-size-default\">Karriere bei Limos4<\/h1>\t\t\t\t<\/div>\n\t\t\t\t<\/div>\n\t\t\t\t<div class=\"elementor-element elementor-element-67a9f97 elementor-widget elementor-widget-html\" data-id=\"67a9f97\" data-element_type=\"widget\" data-e-type=\"widget\" data-widget_type=\"html.default\">\n\t\t\t\t<div class=\"elementor-widget-container\">\n\t\t\t\t\t<span data-mce-type=\"bookmark\" style=\"display: inline-block; width: 0px; overflow: hidden; line-height: 0;\" class=\"mce_SELRES_start\"><\/span>\r\n<div id=\"freshteam-widget\"><\/div> \r\n<script src=\"https:\/\/s3.eu-central-1.amazonaws.com\/files-eu.freshteam.com\/production\/152558\/attachments\/2001459391\/original\/2000001686_widget.js?1710261881\"><\/script>\t\t\t\t<\/div>\n\t\t\t\t<\/div>\n\t\t\t\t\t<\/div>\n\t\t\t\t<\/div>\n\t\t\t\t<\/div>\n\t\t","protected":false},"excerpt":{"rendered":"","protected":false},"author":1,"featured_media":0,"parent":0,"menu_order":0,"comment_status":"closed","ping_status":"closed","template":"","meta":{"inline_featured_image":false,"site-sidebar-layout":"default","site-content-layout":"","ast-site-content-layout":"default","site-content-style":"default","site-sidebar-style":"default","ast-global-header-display":"","ast-banner-title-visibility":"","ast-main-header-display":"","ast-hfb-above-header-display":"","ast-hfb-below-header-display":"","ast-hfb-mobile-header-display":"","site-post-title":"","ast-breadcrumbs-content":"","ast-featured-img":"","footer-sml-layout":"","ast-disable-related-posts":"","theme-transparent-header-meta":"default","adv-header-id-meta":"","stick-header-meta":"","header-above-stick-meta":"","header-main-stick-meta":"","header-below-stick-meta":"","astra-migrate-meta-layouts":"default","ast-page-background-enabled":"default","ast-page-background-meta":{"desktop":{"background-color":"","background-image":"","background-repeat":"repeat","background-position":"center center","background-size":"auto","background-attachment":"scroll","background-type":"","background-media":"","overlay-type":"","overlay-color":"","overlay-opacity":"","overlay-gradient":""},"tablet":{"background-color":"","background-image":"","background-repeat":"repeat","background-position":"center center","background-size":"auto","background-attachment":"scroll","background-type":"","background-media":"","overlay-type":"","overlay-color":"","overlay-opacity":"","overlay-gradient":""},"mobile":{"background-color":"","background-image":"","background-repeat":"repeat","background-position":"center center","background-size":"auto","background-attachment":"scroll","background-type":"","background-media":"","overlay-type":"","overlay-color":"","overlay-opacity":"","overlay-gradient":""}},"ast-content-background-meta":{"desktop":{"background-color":"var(--ast-global-color-5)","background-image":"","background-repeat":"repeat","background-position":"center center","background-size":"auto","background-attachment":"scroll","background-type":"","background-media":"","overlay-type":"","overlay-color":"","overlay-opacity":"","overlay-gradient":""},"tablet":{"background-color":"var(--ast-global-color-5)","background-image":"","background-repeat":"repeat","background-position":"center center","background-size":"auto","background-attachment":"scroll","background-type":"","background-media":"","overlay-type":"","overlay-color":"","overlay-opacity":"","overlay-gradient":""},"mobile":{"background-color":"var(--ast-global-color-5)","background-image":"","background-repeat":"repeat","background-position":"center center","background-size":"auto","background-attachment":"scroll","background-type":"","background-media":"","overlay-type":"","overlay-color":"","overlay-opacity":"","overlay-gradient":""}},"footnotes":""},"wf_page_folders":[],"class_list":["post-85960","page","type-page","status-publish","hentry"],"yoast_head":"<!-- This site is optimized with the Yoast SEO Premium plugin v27.4 (Yoast SEO v27.4) - https:\/\/yoast.com\/product\/yoast-seo-premium-wordpress\/ -->\n<title>Karriere bei Limos4 - Limos4<\/title>\n<meta name=\"description\" content=\"Entdecken Sie eine Welt voller M\u00f6glichkeiten bei Limos4, einem der f\u00fchrenden Anbieter von Limousinenservices weltweit. Wir suchen leidenschaftliche Menschen, die sich uns anschlie\u00dfen m\u00f6chten!\" \/>\n<meta name=\"robots\" content=\"index, follow, max-snippet:-1, max-image-preview:large, max-video-preview:-1\" \/>\n<link rel=\"canonical\" href=\"https:\/\/www.limos4.com\/de\/karriere-bei-limos4\" \/>\n<meta property=\"og:locale\" content=\"de_DE\" \/>\n<meta property=\"og:type\" content=\"article\" \/>\n<meta property=\"og:title\" content=\"Karriere bei Limos4\" \/>\n<meta property=\"og:description\" content=\"Entdecken Sie eine Welt voller M\u00f6glichkeiten bei Limos4, einem der f\u00fchrenden Anbieter von Limousinenservices weltweit. Wir suchen leidenschaftliche Menschen, die sich uns anschlie\u00dfen m\u00f6chten!\" \/>\n<meta property=\"og:url\" content=\"https:\/\/www.limos4.com\/de\/karriere-bei-limos4\" \/>\n<meta property=\"og:site_name\" content=\"Limos4\" \/>\n<meta property=\"article:publisher\" content=\"https:\/\/www.facebook.com\/limos4\/\" \/>\n<meta property=\"article:modified_time\" content=\"2026-03-06T13:15:38+00:00\" \/>\n<meta name=\"twitter:card\" content=\"summary_large_image\" \/>\n<meta name=\"twitter:site\" content=\"@limos4net\" \/>\n<script type=\"application\/ld+json\" class=\"yoast-schema-graph\">{\"@context\":\"https:\\\/\\\/schema.org\",\"@graph\":[{\"@type\":\"WebPage\",\"@id\":\"https:\\\/\\\/www.limos4.com\\\/de\\\/karriere-bei-limos4\",\"url\":\"https:\\\/\\\/www.limos4.com\\\/de\\\/karriere-bei-limos4\",\"name\":\"Karriere bei Limos4 - Limos4\",\"isPartOf\":{\"@id\":\"https:\\\/\\\/www.limos4.com\\\/de#website\"},\"datePublished\":\"2024-03-12T16:44:23+00:00\",\"dateModified\":\"2026-03-06T13:15:38+00:00\",\"description\":\"Entdecken Sie eine Welt voller M\u00f6glichkeiten bei Limos4, einem der f\u00fchrenden Anbieter von Limousinenservices weltweit. Wir suchen leidenschaftliche Menschen, die sich uns anschlie\u00dfen m\u00f6chten!\",\"breadcrumb\":{\"@id\":\"https:\\\/\\\/www.limos4.com\\\/de\\\/karriere-bei-limos4#breadcrumb\"},\"inLanguage\":\"de\",\"potentialAction\":[{\"@type\":\"ReadAction\",\"target\":[\"https:\\\/\\\/www.limos4.com\\\/de\\\/karriere-bei-limos4\"]}]},{\"@type\":\"BreadcrumbList\",\"@id\":\"https:\\\/\\\/www.limos4.com\\\/de\\\/karriere-bei-limos4#breadcrumb\",\"itemListElement\":[{\"@type\":\"ListItem\",\"position\":1,\"name\":\"Home\",\"item\":\"https:\\\/\\\/www.limos4.com\\\/de\\\/startseite\"},{\"@type\":\"ListItem\",\"position\":2,\"name\":\"Karriere bei Limos4\"}]},{\"@type\":\"WebSite\",\"@id\":\"https:\\\/\\\/www.limos4.com\\\/de#website\",\"url\":\"https:\\\/\\\/www.limos4.com\\\/de\",\"name\":\"Limos4\",\"description\":\"Worldwide Chauffeured Service\",\"publisher\":{\"@id\":\"https:\\\/\\\/www.limos4.com\\\/de#organization\"},\"potentialAction\":[{\"@type\":\"SearchAction\",\"target\":{\"@type\":\"EntryPoint\",\"urlTemplate\":\"https:\\\/\\\/www.limos4.com\\\/de?s={search_term_string}\"},\"query-input\":{\"@type\":\"PropertyValueSpecification\",\"valueRequired\":true,\"valueName\":\"search_term_string\"}}],\"inLanguage\":\"de\"},{\"@type\":\"Organization\",\"@id\":\"https:\\\/\\\/www.limos4.com\\\/de#organization\",\"name\":\"Limos4 GmbH\",\"url\":\"https:\\\/\\\/www.limos4.com\\\/de\",\"logo\":{\"@type\":\"ImageObject\",\"inLanguage\":\"de\",\"@id\":\"https:\\\/\\\/www.limos4.com\\\/de#\\\/schema\\\/logo\\\/image\\\/\",\"url\":\"https:\\\/\\\/www.limos4.com\\\/wp-content\\\/uploads\\\/2023\\\/04\\\/l4_logo-e1682058966339.png\",\"contentUrl\":\"https:\\\/\\\/www.limos4.com\\\/wp-content\\\/uploads\\\/2023\\\/04\\\/l4_logo-e1682058966339.png\",\"width\":360,\"height\":361,\"caption\":\"Limos4 GmbH\"},\"image\":{\"@id\":\"https:\\\/\\\/www.limos4.com\\\/de#\\\/schema\\\/logo\\\/image\\\/\"},\"sameAs\":[\"https:\\\/\\\/www.facebook.com\\\/limos4\\\/\",\"https:\\\/\\\/x.com\\\/limos4net\",\"https:\\\/\\\/www.instagram.com\\\/limos4_net\\\/\",\"https:\\\/\\\/www.linkedin.com\\\/company\\\/limos4\",\"https:\\\/\\\/www.youtube.com\\\/c\\\/Limos4Net\"]}]}<\/script>\n<!-- \/ Yoast SEO Premium plugin. -->","yoast_head_json":{"title":"Karriere bei Limos4 - Limos4","description":"Entdecken Sie eine Welt voller M\u00f6glichkeiten bei Limos4, einem der f\u00fchrenden Anbieter von Limousinenservices weltweit. Wir suchen leidenschaftliche Menschen, die sich uns anschlie\u00dfen m\u00f6chten!","robots":{"index":"index","follow":"follow","max-snippet":"max-snippet:-1","max-image-preview":"max-image-preview:large","max-video-preview":"max-video-preview:-1"},"canonical":"https:\/\/www.limos4.com\/de\/karriere-bei-limos4","og_locale":"de_DE","og_type":"article","og_title":"Karriere bei Limos4","og_description":"Entdecken Sie eine Welt voller M\u00f6glichkeiten bei Limos4, einem der f\u00fchrenden Anbieter von Limousinenservices weltweit. Wir suchen leidenschaftliche Menschen, die sich uns anschlie\u00dfen m\u00f6chten!","og_url":"https:\/\/www.limos4.com\/de\/karriere-bei-limos4","og_site_name":"Limos4","article_publisher":"https:\/\/www.facebook.com\/limos4\/","article_modified_time":"2026-03-06T13:15:38+00:00","twitter_card":"summary_large_image","twitter_site":"@limos4net","schema":{"@context":"https:\/\/schema.org","@graph":[{"@type":"WebPage","@id":"https:\/\/www.limos4.com\/de\/karriere-bei-limos4","url":"https:\/\/www.limos4.com\/de\/karriere-bei-limos4","name":"Karriere bei Limos4 - Limos4","isPartOf":{"@id":"https:\/\/www.limos4.com\/de#website"},"datePublished":"2024-03-12T16:44:23+00:00","dateModified":"2026-03-06T13:15:38+00:00","description":"Entdecken Sie eine Welt voller M\u00f6glichkeiten bei Limos4, einem der f\u00fchrenden Anbieter von Limousinenservices weltweit. Wir suchen leidenschaftliche Menschen, die sich uns anschlie\u00dfen m\u00f6chten!","breadcrumb":{"@id":"https:\/\/www.limos4.com\/de\/karriere-bei-limos4#breadcrumb"},"inLanguage":"de","potentialAction":[{"@type":"ReadAction","target":["https:\/\/www.limos4.com\/de\/karriere-bei-limos4"]}]},{"@type":"BreadcrumbList","@id":"https:\/\/www.limos4.com\/de\/karriere-bei-limos4#breadcrumb","itemListElement":[{"@type":"ListItem","position":1,"name":"Home","item":"https:\/\/www.limos4.com\/de\/startseite"},{"@type":"ListItem","position":2,"name":"Karriere bei Limos4"}]},{"@type":"WebSite","@id":"https:\/\/www.limos4.com\/de#website","url":"https:\/\/www.limos4.com\/de","name":"Limos4","description":"Worldwide Chauffeured Service","publisher":{"@id":"https:\/\/www.limos4.com\/de#organization"},"potentialAction":[{"@type":"SearchAction","target":{"@type":"EntryPoint","urlTemplate":"https:\/\/www.limos4.com\/de?s={search_term_string}"},"query-input":{"@type":"PropertyValueSpecification","valueRequired":true,"valueName":"search_term_string"}}],"inLanguage":"de"},{"@type":"Organization","@id":"https:\/\/www.limos4.com\/de#organization","name":"Limos4 GmbH","url":"https:\/\/www.limos4.com\/de","logo":{"@type":"ImageObject","inLanguage":"de","@id":"https:\/\/www.limos4.com\/de#\/schema\/logo\/image\/","url":"https:\/\/www.limos4.com\/wp-content\/uploads\/2023\/04\/l4_logo-e1682058966339.png","contentUrl":"https:\/\/www.limos4.com\/wp-content\/uploads\/2023\/04\/l4_logo-e1682058966339.png","width":360,"height":361,"caption":"Limos4 GmbH"},"image":{"@id":"https:\/\/www.limos4.com\/de#\/schema\/logo\/image\/"},"sameAs":["https:\/\/www.facebook.com\/limos4\/","https:\/\/x.com\/limos4net","https:\/\/www.instagram.com\/limos4_net\/","https:\/\/www.linkedin.com\/company\/limos4","https:\/\/www.youtube.com\/c\/Limos4Net"]}]}},"_links":{"self":[{"href":"https:\/\/www.limos4.com\/de\/wp-json\/wp\/v2\/pages\/85960","targetHints":{"allow":["GET"]}}],"collection":[{"href":"https:\/\/www.limos4.com\/de\/wp-json\/wp\/v2\/pages"}],"about":[{"href":"https:\/\/www.limos4.com\/de\/wp-json\/wp\/v2\/types\/page"}],"author":[{"embeddable":true,"href":"https:\/\/www.limos4.com\/de\/wp-json\/wp\/v2\/users\/1"}],"replies":[{"embeddable":true,"href":"https:\/\/www.limos4.com\/de\/wp-json\/wp\/v2\/comments?post=85960"}],"version-history":[{"count":14,"href":"https:\/\/www.limos4.com\/de\/wp-json\/wp\/v2\/pages\/85960\/revisions"}],"predecessor-version":[{"id":86046,"href":"https:\/\/www.limos4.com\/de\/wp-json\/wp\/v2\/pages\/85960\/revisions\/86046"}],"wp:attachment":[{"href":"https:\/\/www.limos4.com\/de\/wp-json\/wp\/v2\/media?parent=85960"}],"wp:term":[{"taxonomy":"wf_page_folders","embeddable":true,"href":"https:\/\/www.limos4.com\/de\/wp-json\/wp\/v2\/wf_page_folders?post=85960"}],"curies":[{"name":"wp","href":"https:\/\/api.w.org\/{rel}","templated":true}]}}